{"id":384,"date":"2017-11-15T10:13:19","date_gmt":"2017-11-15T09:13:19","guid":{"rendered":"http:\/\/creation.caladisole.com\/?page_id=384"},"modified":"2022-11-08T14:16:19","modified_gmt":"2022-11-08T13:16:19","slug":"documentation","status":"publish","type":"page","link":"https:\/\/creation.caladisole.com\/?page_id=384","title":{"rendered":"Documentation"},"content":{"rendered":"<p><a href=\"http:\/\/creation.caladisole.com\/wp-content\/uploads\/2022\/11\/condgene2023.pdf\">T\u00e9l\u00e9charger les conditions g\u00e9n\u00e9rales<\/a><\/p>\n<p><a href=\"http:\/\/creation.caladisole.com\/wp-content\/uploads\/2018\/01\/scarica-la-brochure-1.pdf\">t\u00e9l\u00e9charger la brochure<\/a><\/p>\n","protected":false},"excerpt":{"rendered":"<p>T\u00e9l\u00e9charger les conditions g\u00e9n\u00e9rales t\u00e9l\u00e9charger la brochure<\/p>\n","protected":false},"author":1,"featured_media":0,"parent":0,"menu_order":0,"comment_status":"closed","ping_status":"closed","template":"","meta":{"footnotes":""},"_links":{"self":[{"href":"https:\/\/creation.caladisole.com\/index.php?rest_route=\/wp\/v2\/pages\/384"}],"collection":[{"href":"https:\/\/creation.caladisole.com\/index.php?rest_route=\/wp\/v2\/pages"}],"about":[{"href":"https:\/\/creation.caladisole.com\/index.php?rest_route=\/wp\/v2\/types\/page"}],"author":[{"embeddable":true,"href":"https:\/\/creation.caladisole.com\/index.php?rest_route=\/wp\/v2\/users\/1"}],"replies":[{"embeddable":true,"href":"https:\/\/creation.caladisole.com\/index.php?rest_route=%2Fwp%2Fv2%2Fcomments&post=384"}],"version-history":[{"count":12,"href":"https:\/\/creation.caladisole.com\/index.php?rest_route=\/wp\/v2\/pages\/384\/revisions"}],"predecessor-version":[{"id":2128,"href":"https:\/\/creation.caladisole.com\/index.php?rest_route=\/wp\/v2\/pages\/384\/revisions\/2128"}],"wp:attachment":[{"href":"https:\/\/creation.caladisole.com\/index.php?rest_route=%2Fwp%2Fv2%2Fmedia&parent=384"}],"curies":[{"name":"wp","href":"https:\/\/api.w.org\/{rel}","templated":true}]}}