{"id":378,"date":"2017-11-15T10:10:04","date_gmt":"2017-11-15T09:10:04","guid":{"rendered":"http:\/\/creation.caladisole.com\/?page_id=378"},"modified":"2017-11-24T10:54:21","modified_gmt":"2017-11-24T09:54:21","slug":"situation-2","status":"publish","type":"page","link":"https:\/\/creation.caladisole.com\/?page_id=378","title":{"rendered":"Situation"},"content":{"rendered":"<p class=\"paragraphe\"><span style=\"color: #8d7566;\"><strong>La location\u00a0 \u00ab\u00a0Les r\u00e9sidences CALA DI SOLE\u00a0\u00bb est situ\u00e9e \u00e0 Algajola, un des plus beaux\u00a0village de bord de mer de la r\u00e9gion de Balagne.<\/strong><\/span><\/p>\n<p><span style=\"color: #524437;\">Curiosit\u00e9s :<\/span><\/p>\n<ul>\n<li><span style=\"color: #524437;\">Le Castellu, \u00e9difi\u00e9 au XIII\u00e8me si\u00e8cle<\/span><\/li>\n<li><span style=\"color: #524437;\">L&rsquo;\u00e9glise Saint Georges et sa confr\u00e9rie<\/span><\/li>\n<\/ul>\n<p><span style=\"color: #524437;\">Commodit\u00e9s :<\/span><\/p>\n<ul>\n<li><span style=\"color: #524437;\">Commerces de proximit\u00e9<\/span><\/li>\n<li><span style=\"color: #524437;\">Bars, restaurants<\/span><\/li>\n<li><span style=\"color: #524437;\">Poste<\/span><\/li>\n<li><span style=\"color: #524437;\">Gare CFC (Chemins de Fer de la Corse)\u00a0<\/span><\/li>\n<\/ul>\n<p class=\"paragraphe\"><span style=\"color: #524437;\">A 7 km de l&rsquo;Ile-Rousse et 15 km de Calvi.<\/span><\/p>\n<div id='gallery-1' class='gallery galleryid-378 gallery-columns-3 gallery-size-thumbnail'><figure class='gallery-item'>\n\t\t\t<div class='gallery-icon landscape'>\n\t\t\t\t<a href='https:\/\/creation.caladisole.com\/?attachment_id=645'><img width=\"150\" height=\"150\" src=\"https:\/\/creation.caladisole.com\/wp-content\/uploads\/2017\/11\/004-150x150.jpg\" class=\"attachment-thumbnail size-thumbnail\" alt=\"\" decoding=\"async\" loading=\"lazy\" srcset=\"https:\/\/creation.caladisole.com\/wp-content\/uploads\/2017\/11\/004-150x150.jpg 150w, https:\/\/creation.caladisole.com\/wp-content\/uploads\/2017\/11\/004-300x300.jpg 300w, https:\/\/creation.caladisole.com\/wp-content\/uploads\/2017\/11\/004-100x100.jpg 100w, https:\/\/creation.caladisole.com\/wp-content\/uploads\/2017\/11\/004.jpg 450w\" sizes=\"100vw\" \/><\/a>\n\t\t\t<\/div><\/figure><figure class='gallery-item'>\n\t\t\t<div class='gallery-icon landscape'>\n\t\t\t\t<a href='https:\/\/creation.caladisole.com\/?attachment_id=644'><img width=\"150\" height=\"150\" src=\"https:\/\/creation.caladisole.com\/wp-content\/uploads\/2017\/11\/003-150x150.jpg\" class=\"attachment-thumbnail size-thumbnail\" alt=\"\" decoding=\"async\" loading=\"lazy\" srcset=\"https:\/\/creation.caladisole.com\/wp-content\/uploads\/2017\/11\/003-150x150.jpg 150w, https:\/\/creation.caladisole.com\/wp-content\/uploads\/2017\/11\/003-300x300.jpg 300w, https:\/\/creation.caladisole.com\/wp-content\/uploads\/2017\/11\/003-100x100.jpg 100w, https:\/\/creation.caladisole.com\/wp-content\/uploads\/2017\/11\/003.jpg 450w\" sizes=\"100vw\" \/><\/a>\n\t\t\t<\/div><\/figure><figure class='gallery-item'>\n\t\t\t<div class='gallery-icon landscape'>\n\t\t\t\t<a href='https:\/\/creation.caladisole.com\/?attachment_id=646'><img width=\"150\" height=\"150\" src=\"https:\/\/creation.caladisole.com\/wp-content\/uploads\/2017\/11\/005-1-150x150.jpg\" class=\"attachment-thumbnail size-thumbnail\" alt=\"\" decoding=\"async\" loading=\"lazy\" srcset=\"https:\/\/creation.caladisole.com\/wp-content\/uploads\/2017\/11\/005-1-150x150.jpg 150w, https:\/\/creation.caladisole.com\/wp-content\/uploads\/2017\/11\/005-1-300x300.jpg 300w, https:\/\/creation.caladisole.com\/wp-content\/uploads\/2017\/11\/005-1-100x100.jpg 100w, https:\/\/creation.caladisole.com\/wp-content\/uploads\/2017\/11\/005-1.jpg 450w\" sizes=\"100vw\" \/><\/a>\n\t\t\t<\/div><\/figure><figure class='gallery-item'>\n\t\t\t<div class='gallery-icon landscape'>\n\t\t\t\t<a href='https:\/\/creation.caladisole.com\/?attachment_id=647'><img width=\"150\" height=\"150\" src=\"https:\/\/creation.caladisole.com\/wp-content\/uploads\/2017\/11\/006-150x150.jpg\" class=\"attachment-thumbnail size-thumbnail\" alt=\"\" decoding=\"async\" loading=\"lazy\" srcset=\"https:\/\/creation.caladisole.com\/wp-content\/uploads\/2017\/11\/006-150x150.jpg 150w, https:\/\/creation.caladisole.com\/wp-content\/uploads\/2017\/11\/006-300x300.jpg 300w, https:\/\/creation.caladisole.com\/wp-content\/uploads\/2017\/11\/006-100x100.jpg 100w, https:\/\/creation.caladisole.com\/wp-content\/uploads\/2017\/11\/006.jpg 450w\" sizes=\"100vw\" \/><\/a>\n\t\t\t<\/div><\/figure><figure class='gallery-item'>\n\t\t\t<div class='gallery-icon landscape'>\n\t\t\t\t<a href='https:\/\/creation.caladisole.com\/?attachment_id=642'><img width=\"150\" height=\"150\" src=\"https:\/\/creation.caladisole.com\/wp-content\/uploads\/2017\/11\/001-1-150x150.jpg\" class=\"attachment-thumbnail size-thumbnail\" alt=\"\" decoding=\"async\" loading=\"lazy\" srcset=\"https:\/\/creation.caladisole.com\/wp-content\/uploads\/2017\/11\/001-1-150x150.jpg 150w, https:\/\/creation.caladisole.com\/wp-content\/uploads\/2017\/11\/001-1-300x300.jpg 300w, https:\/\/creation.caladisole.com\/wp-content\/uploads\/2017\/11\/001-1-100x100.jpg 100w, https:\/\/creation.caladisole.com\/wp-content\/uploads\/2017\/11\/001-1.jpg 400w\" sizes=\"100vw\" \/><\/a>\n\t\t\t<\/div><\/figure><figure class='gallery-item'>\n\t\t\t<div class='gallery-icon landscape'>\n\t\t\t\t<a href='https:\/\/creation.caladisole.com\/?attachment_id=641'><img width=\"150\" height=\"150\" src=\"https:\/\/creation.caladisole.com\/wp-content\/uploads\/2017\/11\/005-150x150.jpg\" class=\"attachment-thumbnail size-thumbnail\" alt=\"\" decoding=\"async\" loading=\"lazy\" srcset=\"https:\/\/creation.caladisole.com\/wp-content\/uploads\/2017\/11\/005-150x150.jpg 150w, https:\/\/creation.caladisole.com\/wp-content\/uploads\/2017\/11\/005-300x300.jpg 300w, https:\/\/creation.caladisole.com\/wp-content\/uploads\/2017\/11\/005-100x100.jpg 100w, https:\/\/creation.caladisole.com\/wp-content\/uploads\/2017\/11\/005.jpg 450w\" sizes=\"100vw\" \/><\/a>\n\t\t\t<\/div><\/figure><figure class='gallery-item'>\n\t\t\t<div class='gallery-icon landscape'>\n\t\t\t\t<a href='https:\/\/creation.caladisole.com\/?attachment_id=643'><img width=\"150\" height=\"150\" src=\"https:\/\/creation.caladisole.com\/wp-content\/uploads\/2017\/11\/002-150x150.jpg\" class=\"attachment-thumbnail size-thumbnail\" alt=\"\" decoding=\"async\" loading=\"lazy\" srcset=\"https:\/\/creation.caladisole.com\/wp-content\/uploads\/2017\/11\/002-150x150.jpg 150w, https:\/\/creation.caladisole.com\/wp-content\/uploads\/2017\/11\/002-300x300.jpg 300w, https:\/\/creation.caladisole.com\/wp-content\/uploads\/2017\/11\/002-100x100.jpg 100w, https:\/\/creation.caladisole.com\/wp-content\/uploads\/2017\/11\/002.jpg 450w\" sizes=\"100vw\" \/><\/a>\n\t\t\t<\/div><\/figure><figure class='gallery-item'>\n\t\t\t<div class='gallery-icon landscape'>\n\t\t\t\t<a href='https:\/\/creation.caladisole.com\/?attachment_id=648'><img width=\"150\" height=\"150\" src=\"https:\/\/creation.caladisole.com\/wp-content\/uploads\/2017\/11\/007-150x150.jpg\" class=\"attachment-thumbnail size-thumbnail\" alt=\"\" decoding=\"async\" loading=\"lazy\" srcset=\"https:\/\/creation.caladisole.com\/wp-content\/uploads\/2017\/11\/007-150x150.jpg 150w, https:\/\/creation.caladisole.com\/wp-content\/uploads\/2017\/11\/007-300x300.jpg 300w, https:\/\/creation.caladisole.com\/wp-content\/uploads\/2017\/11\/007-100x100.jpg 100w, https:\/\/creation.caladisole.com\/wp-content\/uploads\/2017\/11\/007.jpg 450w\" sizes=\"100vw\" \/><\/a>\n\t\t\t<\/div><\/figure><figure class='gallery-item'>\n\t\t\t<div class='gallery-icon landscape'>\n\t\t\t\t<a href='https:\/\/creation.caladisole.com\/?attachment_id=649'><img width=\"150\" height=\"150\" src=\"https:\/\/creation.caladisole.com\/wp-content\/uploads\/2017\/11\/008-150x150.jpg\" class=\"attachment-thumbnail size-thumbnail\" alt=\"\" decoding=\"async\" loading=\"lazy\" srcset=\"https:\/\/creation.caladisole.com\/wp-content\/uploads\/2017\/11\/008-150x150.jpg 150w, https:\/\/creation.caladisole.com\/wp-content\/uploads\/2017\/11\/008-300x300.jpg 300w, https:\/\/creation.caladisole.com\/wp-content\/uploads\/2017\/11\/008-100x100.jpg 100w, https:\/\/creation.caladisole.com\/wp-content\/uploads\/2017\/11\/008.jpg 450w\" sizes=\"100vw\" \/><\/a>\n\t\t\t<\/div><\/figure><figure class='gallery-item'>\n\t\t\t<div class='gallery-icon landscape'>\n\t\t\t\t<a href='https:\/\/creation.caladisole.com\/?attachment_id=653'><img width=\"150\" height=\"150\" src=\"https:\/\/creation.caladisole.com\/wp-content\/uploads\/2017\/11\/004-1-150x150.jpg\" class=\"attachment-thumbnail size-thumbnail\" alt=\"\" decoding=\"async\" loading=\"lazy\" srcset=\"https:\/\/creation.caladisole.com\/wp-content\/uploads\/2017\/11\/004-1-150x150.jpg 150w, https:\/\/creation.caladisole.com\/wp-content\/uploads\/2017\/11\/004-1-300x300.jpg 300w, https:\/\/creation.caladisole.com\/wp-content\/uploads\/2017\/11\/004-1-100x100.jpg 100w, https:\/\/creation.caladisole.com\/wp-content\/uploads\/2017\/11\/004-1.jpg 450w\" sizes=\"100vw\" \/><\/a>\n\t\t\t<\/div><\/figure><figure class='gallery-item'>\n\t\t\t<div class='gallery-icon landscape'>\n\t\t\t\t<a href='https:\/\/creation.caladisole.com\/?attachment_id=650'><img width=\"150\" height=\"150\" src=\"https:\/\/creation.caladisole.com\/wp-content\/uploads\/2017\/11\/001-2-150x150.jpg\" class=\"attachment-thumbnail size-thumbnail\" alt=\"\" decoding=\"async\" loading=\"lazy\" srcset=\"https:\/\/creation.caladisole.com\/wp-content\/uploads\/2017\/11\/001-2-150x150.jpg 150w, https:\/\/creation.caladisole.com\/wp-content\/uploads\/2017\/11\/001-2-300x300.jpg 300w, https:\/\/creation.caladisole.com\/wp-content\/uploads\/2017\/11\/001-2-100x100.jpg 100w, https:\/\/creation.caladisole.com\/wp-content\/uploads\/2017\/11\/001-2.jpg 450w\" sizes=\"100vw\" \/><\/a>\n\t\t\t<\/div><\/figure><figure class='gallery-item'>\n\t\t\t<div class='gallery-icon landscape'>\n\t\t\t\t<a href='https:\/\/creation.caladisole.com\/?attachment_id=651'><img width=\"150\" height=\"150\" src=\"https:\/\/creation.caladisole.com\/wp-content\/uploads\/2017\/11\/002-1-150x150.jpg\" class=\"attachment-thumbnail size-thumbnail\" alt=\"\" decoding=\"async\" loading=\"lazy\" srcset=\"https:\/\/creation.caladisole.com\/wp-content\/uploads\/2017\/11\/002-1-150x150.jpg 150w, https:\/\/creation.caladisole.com\/wp-content\/uploads\/2017\/11\/002-1-300x300.jpg 300w, https:\/\/creation.caladisole.com\/wp-content\/uploads\/2017\/11\/002-1-100x100.jpg 100w, https:\/\/creation.caladisole.com\/wp-content\/uploads\/2017\/11\/002-1.jpg 450w\" sizes=\"100vw\" \/><\/a>\n\t\t\t<\/div><\/figure><figure class='gallery-item'>\n\t\t\t<div class='gallery-icon landscape'>\n\t\t\t\t<a href='https:\/\/creation.caladisole.com\/?attachment_id=652'><img width=\"150\" height=\"150\" src=\"https:\/\/creation.caladisole.com\/wp-content\/uploads\/2017\/11\/003-1-150x150.jpg\" class=\"attachment-thumbnail size-thumbnail\" alt=\"\" decoding=\"async\" loading=\"lazy\" srcset=\"https:\/\/creation.caladisole.com\/wp-content\/uploads\/2017\/11\/003-1-150x150.jpg 150w, https:\/\/creation.caladisole.com\/wp-content\/uploads\/2017\/11\/003-1-300x300.jpg 300w, https:\/\/creation.caladisole.com\/wp-content\/uploads\/2017\/11\/003-1-100x100.jpg 100w, https:\/\/creation.caladisole.com\/wp-content\/uploads\/2017\/11\/003-1.jpg 450w\" sizes=\"100vw\" \/><\/a>\n\t\t\t<\/div><\/figure>\n\t\t<\/div>\n\n","protected":false},"excerpt":{"rendered":"<p>La location\u00a0 \u00ab\u00a0Les r\u00e9sidences CALA DI SOLE\u00a0\u00bb est situ\u00e9e \u00e0 Algajola, un des plus beaux\u00a0village de bord de mer de la r\u00e9gion de Balagne. Curiosit\u00e9s : Le Castellu, \u00e9difi\u00e9 au XIII\u00e8me si\u00e8cle L&rsquo;\u00e9glise Saint Georges et sa confr\u00e9rie Commodit\u00e9s : Commerces de proximit\u00e9 Bars, restaurants Poste Gare CFC (Chemins de Fer de la Corse)\u00a0 A &hellip; <\/p>\n<p class=\"link-more\"><a href=\"https:\/\/creation.caladisole.com\/?page_id=378\" class=\"more-link\">Continuer la lecture<span class=\"screen-reader-text\"> de &laquo;&nbsp;Situation&nbsp;&raquo;<\/span><\/a><\/p>\n","protected":false},"author":1,"featured_media":0,"parent":0,"menu_order":0,"comment_status":"closed","ping_status":"closed","template":"","meta":{"footnotes":""},"_links":{"self":[{"href":"https:\/\/creation.caladisole.com\/index.php?rest_route=\/wp\/v2\/pages\/378"}],"collection":[{"href":"https:\/\/creation.caladisole.com\/index.php?rest_route=\/wp\/v2\/pages"}],"about":[{"href":"https:\/\/creation.caladisole.com\/index.php?rest_route=\/wp\/v2\/types\/page"}],"author":[{"embeddable":true,"href":"https:\/\/creation.caladisole.com\/index.php?rest_route=\/wp\/v2\/users\/1"}],"replies":[{"embeddable":true,"href":"https:\/\/creation.caladisole.com\/index.php?rest_route=%2Fwp%2Fv2%2Fcomments&post=378"}],"version-history":[{"count":6,"href":"https:\/\/creation.caladisole.com\/index.php?rest_route=\/wp\/v2\/pages\/378\/revisions"}],"predecessor-version":[{"id":728,"href":"https:\/\/creation.caladisole.com\/index.php?rest_route=\/wp\/v2\/pages\/378\/revisions\/728"}],"wp:attachment":[{"href":"https:\/\/creation.caladisole.com\/index.php?rest_route=%2Fwp%2Fv2%2Fmedia&parent=378"}],"curies":[{"name":"wp","href":"https:\/\/api.w.org\/{rel}","templated":true}]}}